{"id":8,"date":"2025-09-23T08:13:31","date_gmt":"2025-09-23T08:13:31","guid":{"rendered":"https:\/\/blueviolet-chicken-609358.hostingersite.com\/?page_id=8"},"modified":"2025-10-10T18:33:53","modified_gmt":"2025-10-10T18:33:53","slug":"astreyamentorat","status":"publish","type":"page","link":"https:\/\/astreyamc.com\/?page_id=8","title":{"rendered":"Nos Programmes"},"content":{"rendered":"\t\t<div data-elementor-type=\"wp-page\" data-elementor-id=\"8\" class=\"elementor elementor-8\" data-elementor-post-type=\"page\">\n\t\t\t\t<div class=\"elementor-element elementor-element-5d1e156 e-con-full e-flex e-con e-parent\" data-id=\"5d1e156\" data-element_type=\"container\" data-settings=\"{&quot;background_background&quot;:&quot;classic&quot;}\">\n\t\t<div class=\"elementor-element elementor-element-ff522e9 e-flex e-con-boxed e-con e-child\" data-id=\"ff522e9\" data-element_type=\"container\" data-settings=\"{&quot;background_background&quot;:&quot;classic&quot;}\">\n\t\t\t\t\t<div class=\"e-con-inner\">\n\t\t\t\t\t<\/div>\n\t\t\t\t<\/div>\n\t\t\t\t<\/div>\n\t\t<div class=\"elementor-element elementor-element-9bc655a e-flex e-con-boxed e-con e-parent\" data-id=\"9bc655a\" data-element_type=\"container\" data-settings=\"{&quot;background_background&quot;:&quot;classic&quot;}\">\n\t\t\t\t\t<div class=\"e-con-inner\">\n\t\t<div class=\"elementor-element elementor-element-07b551c e-con-full e-grid e-con e-child\" data-id=\"07b551c\" data-element_type=\"container\">\n\t\t<div class=\"elementor-element elementor-element-e03b92d e-con-full e-flex e-con e-child\" data-id=\"e03b92d\" data-element_type=\"container\">\n\t\t\t\t<div class=\"elementor-element elementor-element-de694e8 elementor-mobile-align-center elementor-icon-list--layout-traditional elementor-list-item-link-full_width elementor-widget elementor-widget-icon-list\" data-id=\"de694e8\" data-element_type=\"widget\" data-widget_type=\"icon-list.default\">\n\t\t\t\t\t\t\t<ul class=\"elementor-icon-list-items\">\n\t\t\t\t\t\t\t<li class=\"elementor-icon-list-item\">\n\t\t\t\t\t\t\t\t\t\t\t<span class=\"elementor-icon-list-icon\">\n\t\t\t\t\t\t\t<svg aria-hidden=\"true\" class=\"e-font-icon-svg e-fas-battery-quarter\" viewBox=\"0 0 640 512\" xmlns=\"http:\/\/www.w3.org\/2000\/svg\"><path d=\"M544 160v64h32v64h-32v64H64V160h480m16-64H48c-26.51 0-48 21.49-48 48v224c0 26.51 21.49 48 48 48h512c26.51 0 48-21.49 48-48v-16h8c13.255 0 24-10.745 24-24V184c0-13.255-10.745-24-24-24h-8v-16c0-26.51-21.49-48-48-48zm-336 96H96v128h128V192z\"><\/path><\/svg>\t\t\t\t\t\t<\/span>\n\t\t\t\t\t\t\t\t\t\t<span class=\"elementor-icon-list-text\">30 places uniquement<\/span>\n\t\t\t\t\t\t\t\t\t<\/li>\n\t\t\t\t\t\t<\/ul>\n\t\t\t\t\t\t<\/div>\n\t\t\t\t<\/div>\n\t\t<div class=\"elementor-element elementor-element-9a8a35d e-con-full e-flex e-con e-child\" data-id=\"9a8a35d\" data-element_type=\"container\">\n\t\t\t\t<div class=\"elementor-element elementor-element-90bbfd9 elementor-align-center elementor-widget elementor-widget-button\" data-id=\"90bbfd9\" data-element_type=\"widget\" data-widget_type=\"button.default\">\n\t\t\t\t\t\t\t\t\t\t<a class=\"elementor-button elementor-button-link elementor-size-sm\" href=\"https:\/\/docs.google.com\/forms\/d\/e\/1FAIpQLSdcHrFvr0bdhrF0WHgPigcmk-00Kvhvd5_RSFx3tdsp_6HKUQ\/viewform\">\n\t\t\t\t\t\t<span class=\"elementor-button-content-wrapper\">\n\t\t\t\t\t\t\t\t\t<span class=\"elementor-button-text\">Je veux m'inscrire !<\/span>\n\t\t\t\t\t<\/span>\n\t\t\t\t\t<\/a>\n\t\t\t\t\t\t\t\t<\/div>\n\t\t\t\t<\/div>\n\t\t\t\t<\/div>\n\t\t\t\t\t<\/div>\n\t\t\t\t<\/div>\n\t\t<div class=\"elementor-element elementor-element-3b68e5f e-con-full e-flex e-con e-parent\" data-id=\"3b68e5f\" data-element_type=\"container\" data-settings=\"{&quot;background_background&quot;:&quot;classic&quot;}\">\n\t\t\t\t<div class=\"elementor-element elementor-element-d4d187a elementor-widget elementor-widget-heading\" data-id=\"d4d187a\" data-element_type=\"widget\" data-widget_type=\"heading.default\">\n\t\t\t\t\t<h2 class=\"elementor-heading-title elementor-size-default\">Programme de Mentorat F\u00e9minin<br>ASTREYA Management Consulting et la Fondation AIC<\/h2>\t\t\t\t<\/div>\n\t\t\t\t<div class=\"elementor-element elementor-element-2311949 elementor-widget elementor-widget-text-editor\" data-id=\"2311949\" data-element_type=\"widget\" data-widget_type=\"text-editor.default\">\n\t\t\t\t\t\t\t\t\t<p>\u00ab\u00a0\u00c9lever, Inspirer, B\u00e2tir l&rsquo;Avenir des Femmes Entrepreneurs\u00a0\u00bb<\/p>\t\t\t\t\t\t\t\t<\/div>\n\t\t<div class=\"elementor-element elementor-element-2f20802 e-flex e-con-boxed e-con e-child\" data-id=\"2f20802\" data-element_type=\"container\">\n\t\t\t\t\t<div class=\"e-con-inner\">\n\t\t\t\t<div class=\"elementor-element elementor-element-6c68925 elementor-widget elementor-widget-heading\" data-id=\"6c68925\" data-element_type=\"widget\" data-widget_type=\"heading.default\">\n\t\t\t\t\t<h2 class=\"elementor-heading-title elementor-size-default\">\u00c0 propos du programme<\/h2>\t\t\t\t<\/div>\n\t\t\t\t<div class=\"elementor-element elementor-element-814a848 elementor-widget elementor-widget-text-editor\" data-id=\"814a848\" data-element_type=\"widget\" data-widget_type=\"text-editor.default\">\n\t\t\t\t\t\t\t\t\t<p>Le Programme de Mentorat F\u00e9minin et Autonomisation Entreprenieriale, copr\u00e9sent\u00e9 par Astreya Management Consulting et la Fondation AIC, est une initiative innovante d\u00e9di\u00e9e \u00e0 l\u2019autonomisation et au d\u00e9veloppement du leadership f\u00e9minin en Ha\u00efti.<\/p><p>Ce programme vise \u00e0 accompagner les jeunes femmes ha\u00eftiennes dans leur croissance personnelle, professionnelle et entrepreneuriale, \u00e0 travers une combinaison unique de formation, mentorat et immersion pratique.<\/p><p><strong>Son ambition :<\/strong> cr\u00e9er une nouvelle g\u00e9n\u00e9ration de femmes leaders, confiantes et \u00e9conomiquement autonomes, capables de transformer leur environnement.<\/p>\t\t\t\t\t\t\t\t<\/div>\n\t\t\t\t<div class=\"elementor-element elementor-element-08301fe elementor-widget elementor-widget-heading\" data-id=\"08301fe\" data-element_type=\"widget\" data-widget_type=\"heading.default\">\n\t\t\t\t\t<h2 class=\"elementor-heading-title elementor-size-default\">Objectifs du programme<\/h2>\t\t\t\t<\/div>\n\t\t\t\t<div class=\"elementor-element elementor-element-4b0959a elementor-widget elementor-widget-text-editor\" data-id=\"4b0959a\" data-element_type=\"widget\" data-widget_type=\"text-editor.default\">\n\t\t\t\t\t\t\t\t\t<p><strong>&#8211;<\/strong> Former et inspirer des femmes entrepreneures et leaders de demain<br \/><strong>&#8211;<\/strong> \u2060D\u00e9velopper les comp\u00e9tences humaines, techniques et entrepreneuriales n\u00e9cessaires \u00e0 la r\u00e9ussite<br \/><strong>&#8211;<\/strong> \u2060Favoriser l\u2019autonomie \u00e9conomique et l\u2019insertion professionnelle<br \/><strong>&#8211; \u2060<\/strong>Cr\u00e9er un r\u00e9seau solidaire et interg\u00e9n\u00e9rationnel de femmes inspirantes<br \/><strong>&#8211;<\/strong> \u2060Briser les st\u00e9r\u00e9otypes de genre dans le monde du travail<\/p>\t\t\t\t\t\t\t\t<\/div>\n\t\t\t\t<div class=\"elementor-element elementor-element-f44ace0 elementor-widget elementor-widget-heading\" data-id=\"f44ace0\" data-element_type=\"widget\" data-widget_type=\"heading.default\">\n\t\t\t\t\t<h2 class=\"elementor-heading-title elementor-size-default\">Structure du programme<\/h2>\t\t\t\t<\/div>\n\t\t\t\t<div class=\"elementor-element elementor-element-77e5fc2 elementor-widget elementor-widget-text-editor\" data-id=\"77e5fc2\" data-element_type=\"widget\" data-widget_type=\"text-editor.default\">\n\t\t\t\t\t\t\t\t\t<p>Le parcours s\u2019\u00e9tend sur 3 mois, de novembre \u00e0 f\u00e9vrier, et se d\u00e9roule en pr\u00e9sentiel \u00e0 P\u00e9tion-Ville. Puis 3 mois post-formation pour les suivis avec les mentors.<br \/>Il combine formations, mentorat, immersion professionnelle et sp\u00e9cialisation selon les int\u00e9r\u00eats de chaque participante.<\/p><p>\u00a0<\/p><p><strong>1. Formations g\u00e9n\u00e9rales (Modules de base)<\/strong><br \/>Durant les deux premiers mois, les participantes suivent un tronc commun comprenant :<br \/>Leadership &amp; affirmation de soi<br \/>&#8211; Communication &amp; intelligence \u00e9motionnelle<br \/>&#8211; Efficacit\u00e9 personnelle &amp; gestion du temps<br \/>&#8211; Comp\u00e9tences financi\u00e8res &amp; entrepreneuriat<br \/>&#8211; \u2060Innovation &amp; strat\u00e9gie de march\u00e9.<\/p><p>Ces modules visent \u00e0 renforcer la confiance, la discipline, la vision et les outils essentiels pour toute femme souhaitant \u00e9voluer ou entreprendre.<\/p><p>\u00a0<\/p><p><strong>2. Sp\u00e9cialisation (au choix \u2013 3\u1d49 mois)<\/strong><br \/>Apr\u00e8s les deux premiers mois de formation g\u00e9n\u00e9rale, chaque participante choisit une sp\u00e9cialisation selon son profil et ses ambitions :<\/p><p><b>&#8211;<\/b> Entrepreneuriat num\u00e9rique &amp; cr\u00e9ation de contenus visuels<br \/><b>&#8211;<\/b> \u2060Gestion administrative &amp; organisationnelle<br \/>&#8211; \u2060Artisanat &amp; production locale<br \/>&#8211; \u2060Agro-entrepreneuriat &amp; transformation alimentaire<br \/>&#8211; \u2060M\u00e9tiers techniques de base (\u00e9lectricit\u00e9, m\u00e9canique, entretien)<\/p><p>\u00a0<\/p><p>Chaque sp\u00e9cialisation est ax\u00e9e sur la pratique, la cr\u00e9ativit\u00e9 et la mise en action, avec un projet concret \u00e0 pr\u00e9senter en fin de parcours.<\/p>\t\t\t\t\t\t\t\t<\/div>\n\t\t\t\t<div class=\"elementor-element elementor-element-e7c52dc elementor-widget elementor-widget-heading\" data-id=\"e7c52dc\" data-element_type=\"widget\" data-widget_type=\"heading.default\">\n\t\t\t\t\t<h2 class=\"elementor-heading-title elementor-size-default\">Mentorat et accompagnement<\/h2>\t\t\t\t<\/div>\n\t\t\t\t<div class=\"elementor-element elementor-element-c944678 elementor-widget elementor-widget-text-editor\" data-id=\"c944678\" data-element_type=\"widget\" data-widget_type=\"text-editor.default\">\n\t\t\t\t\t\t\t\t\t<p>Chaque participante b\u00e9n\u00e9ficie d\u2019un accompagnement individualis\u00e9 assur\u00e9 par des femmes mentores exp\u00e9riment\u00e9es issues de diff\u00e9rents secteurs.<br \/>Le mentorat comprend :<\/p><ul><li><span style=\"font-style: inherit; font-weight: inherit;\">des s\u00e9ances collectives de coaching,<\/span><\/li><li>des suivis individuels personnalis\u00e9s, et des immersions en entreprise ou sur le terrain.<\/li><\/ul><p><strong>Cet encadrement vise \u00e0 transformer les acquis en opportunit\u00e9s r\u00e9elles et \u00e0 renforcer la confiance en soi.<\/strong><\/p>\t\t\t\t\t\t\t\t<\/div>\n\t\t\t\t<div class=\"elementor-element elementor-element-89028e6 elementor-widget elementor-widget-heading\" data-id=\"89028e6\" data-element_type=\"widget\" data-widget_type=\"heading.default\">\n\t\t\t\t\t<h2 class=\"elementor-heading-title elementor-size-default\">Profil et crit\u00e8res d\u2019\u00e9ligibilit\u00e9<\/h2>\t\t\t\t<\/div>\n\t\t\t\t<div class=\"elementor-element elementor-element-4f60fa1 elementor-widget elementor-widget-text-editor\" data-id=\"4f60fa1\" data-element_type=\"widget\" data-widget_type=\"text-editor.default\">\n\t\t\t\t\t\t\t\t\t<p>Le programme s\u2019adresse \u00e0 des<strong> jeunes femmes ha\u00eftiennes \u00e2g\u00e9es de 20 \u00e0 26 ans,<\/strong> pr\u00eates \u00e0 s\u2019engager dans un parcours de transformation personnelle et professionnelle.<\/p>\t\t\t\t\t\t\t\t<\/div>\n\t\t\t\t<div class=\"elementor-element elementor-element-06b3f1a elementor-widget elementor-widget-heading\" data-id=\"06b3f1a\" data-element_type=\"widget\" data-widget_type=\"heading.default\">\n\t\t\t\t\t<h2 class=\"elementor-heading-title elementor-size-default\">Crit\u00e8res \u00e0 remplir <\/h2>\t\t\t\t<\/div>\n\t\t\t\t<div class=\"elementor-element elementor-element-6a2564f elementor-widget elementor-widget-text-editor\" data-id=\"6a2564f\" data-element_type=\"widget\" data-widget_type=\"text-editor.default\">\n\t\t\t\t\t\t\t\t\t<ul><li>Avoir termin\u00e9 ses \u00e9tudes secondaires<\/li><li>R\u00e9sider \u00e0 Port-au-Prince pendant la p\u00e9riode de formation<\/li><li>\u00catre disponible 6 jours par semaine dans les deux premiers mois et 2 fois par semaine dans le troisi\u00e8me mois de formation<\/li><li>\u2060\u00catre motiv\u00e9e \u00e0 entreprendre ou \u00e0 d\u00e9velopper une carri\u00e8re professionnelle<\/li><li>\u2060\u00catre pr\u00eate \u00e0 participer activement aux ateliers, mentorats et immersions.<\/li><\/ul><p><strong>Aucune exp\u00e9rience pr\u00e9alable n\u2019est exig\u00e9e, seule la motivation compte !<\/strong><\/p>\t\t\t\t\t\t\t\t<\/div>\n\t\t\t\t<div class=\"elementor-element elementor-element-70953f7 elementor-widget elementor-widget-heading\" data-id=\"70953f7\" data-element_type=\"widget\" data-widget_type=\"heading.default\">\n\t\t\t\t\t<h2 class=\"elementor-heading-title elementor-size-default\">Frais de participation<\/h2>\t\t\t\t<\/div>\n\t\t\t\t<div class=\"elementor-element elementor-element-b4dc84c elementor-widget elementor-widget-text-editor\" data-id=\"b4dc84c\" data-element_type=\"widget\" data-widget_type=\"text-editor.default\">\n\t\t\t\t\t\t\t\t\t<p>Afin de soutenir les co\u00fbts p\u00e9dagogiques, logistiques et mat\u00e9riels, une participation symbolique est demand\u00e9e aux b\u00e9n\u00e9ficiaires :<\/p><ul><li>Un premier versement valid\u00e9 comme <b>frais d\u2019inscription fix\u00e9 \u00e0 2500 HTG (\u2248 20 USD)<\/b> \u00e0 l\u2019admission qui prend en compte : T-shirt officiel, carte de participante, acc\u00e8s aux 5 modules g\u00e9n\u00e9raux, documents p\u00e9dagogiques, mentorat et attestations.<\/li><li>Ensuite l\u2019autre versement concernent les Frais d\u2019ateliers sp\u00e9cialis\u00e9s fix\u00e9s \u00e0 <b>4 000 HTG (\u2248 30 USD).<\/b> Ce frais supporte le mat\u00e9riel pratique selon la sp\u00e9cialisation (outils, fournitures, intrants techniques) et encadrement logistique.<\/li><\/ul><p>Aucun autre frais n\u2019est exig\u00e9. Le reste du programme est enti\u00e8rement subventionn\u00e9 par <strong>la Fondation AIC<\/strong> et <strong>Astreya Management Consulting.<\/strong><\/p>\t\t\t\t\t\t\t\t<\/div>\n\t\t\t\t<div class=\"elementor-element elementor-element-c192dd8 elementor-widget elementor-widget-heading\" data-id=\"c192dd8\" data-element_type=\"widget\" data-widget_type=\"heading.default\">\n\t\t\t\t\t<h2 class=\"elementor-heading-title elementor-size-default\">Dur\u00e9e et format <\/h2>\t\t\t\t<\/div>\n\t\t\t\t<div class=\"elementor-element elementor-element-b44b72a elementor-widget elementor-widget-text-editor\" data-id=\"b44b72a\" data-element_type=\"widget\" data-widget_type=\"text-editor.default\">\n\t\t\t\t\t\t\t\t\t<p><strong>P\u00e9riode :<\/strong> Novembre 2025 \u2192 F\u00e9vrier 2026 pour les formations <br \/>F\u00e9vrier 2026 \u2192 Avril 2026 : <strong>p\u00e9riode de coaching individuel<\/strong><\/p><p>\u00a0<\/p><p><strong>S\u00e9ances :<\/strong> 6 jours par semaine. <br \/><strong>Format :<\/strong> Pr\u00e9sentiel<br \/><strong>Activit\u00e9s incluses :<\/strong><br \/>&#8211; 5 modules g\u00e9n\u00e9raux<br \/>&#8211; 1 sp\u00e9cialisation au choix<br \/>&#8211; 2 s\u00e9ances de mentorat<br \/>&#8211; 2 journ\u00e9es d\u2019immersion professionnelle<br \/>&#8211; 1 pr\u00e9sentation finale devant jury<\/p>\t\t\t\t\t\t\t\t<\/div>\n\t\t\t\t<div class=\"elementor-element elementor-element-e203fdc elementor-widget elementor-widget-heading\" data-id=\"e203fdc\" data-element_type=\"widget\" data-widget_type=\"heading.default\">\n\t\t\t\t\t<h2 class=\"elementor-heading-title elementor-size-default\">Ce que tu gagneras<\/h2>\t\t\t\t<\/div>\n\t\t\t\t<div class=\"elementor-element elementor-element-ffa980a elementor-widget elementor-widget-text-editor\" data-id=\"ffa980a\" data-element_type=\"widget\" data-widget_type=\"text-editor.default\">\n\t\t\t\t\t\t\t\t\t<ul><li>Des <strong>comp\u00e9tences solides<\/strong> pour entreprendre ou \u00e9voluer dans ta carri\u00e8re;<\/li><li>Un<strong> r\u00e9seau d\u2019entraide<\/strong> avec d\u2019autres jeunes femmes inspirantes;<\/li><li>Un <strong>accompagnement personnalis\u00e9<\/strong> avec des mentores exp\u00e9riment\u00e9es;<\/li><li>Une <strong>attestation officielle<\/strong> de participation;<\/li><li>Des <strong>opportunit\u00e9s de stage<\/strong> ou de <strong>collaboration<\/strong> apr\u00e8s la formation.<\/li><\/ul>\t\t\t\t\t\t\t\t<\/div>\n\t\t\t\t\t<\/div>\n\t\t\t\t<\/div>\n\t\t\t\t<\/div>\n\t\t<div class=\"elementor-element elementor-element-6e291fc e-flex e-con-boxed e-con e-parent\" data-id=\"6e291fc\" data-element_type=\"container\" data-settings=\"{&quot;background_background&quot;:&quot;classic&quot;}\">\n\t\t\t\t\t<div class=\"e-con-inner\">\n\t\t<div class=\"elementor-element elementor-element-4fdaff8 e-con-full e-flex e-con e-child\" data-id=\"4fdaff8\" data-element_type=\"container\" data-settings=\"{&quot;background_background&quot;:&quot;classic&quot;}\">\n\t\t\t\t<div class=\"elementor-element elementor-element-8499c6d elementor-widget-tablet__width-initial elementor-widget elementor-widget-heading\" data-id=\"8499c6d\" data-element_type=\"widget\" data-widget_type=\"heading.default\">\n\t\t\t\t\t<h2 class=\"elementor-heading-title elementor-size-default\">Pr\u00eate \u00e0 faire partie de cette aventure ?<\/h2>\t\t\t\t<\/div>\n\t\t\t\t<div class=\"elementor-element elementor-element-d3fe040 elementor-align-center elementor-mobile-align-center elementor-widget-mobile__width-initial elementor-widget elementor-widget-button\" data-id=\"d3fe040\" data-element_type=\"widget\" data-widget_type=\"button.default\">\n\t\t\t\t\t\t\t\t\t\t<a class=\"elementor-button elementor-button-link elementor-size-sm\" href=\"https:\/\/docs.google.com\/forms\/d\/e\/1FAIpQLSdcHrFvr0bdhrF0WHgPigcmk-00Kvhvd5_RSFx3tdsp_6HKUQ\/viewform\">\n\t\t\t\t\t\t<span class=\"elementor-button-content-wrapper\">\n\t\t\t\t\t\t\t\t\t<span class=\"elementor-button-text\">Je veux m'inscrisre !<\/span>\n\t\t\t\t\t<\/span>\n\t\t\t\t\t<\/a>\n\t\t\t\t\t\t\t\t<\/div>\n\t\t\t\t<\/div>\n\t\t\t\t\t<\/div>\n\t\t\t\t<\/div>\n\t\t<div class=\"elementor-element elementor-element-035a059 e-flex e-con-boxed e-con e-parent\" data-id=\"035a059\" data-element_type=\"container\" data-settings=\"{&quot;background_background&quot;:&quot;classic&quot;}\">\n\t\t\t\t\t<div class=\"e-con-inner\">\n\t\t\t\t<div class=\"elementor-element elementor-element-fe31a60 elementor-widget elementor-widget-heading\" data-id=\"fe31a60\" data-element_type=\"widget\" data-widget_type=\"heading.default\">\n\t\t\t\t\t<h2 class=\"elementor-heading-title elementor-size-default\">Besoin d\u2019aide ?<\/h2>\t\t\t\t<\/div>\n\t\t\t\t<div class=\"elementor-element elementor-element-216457d elementor-widget elementor-widget-text-editor\" data-id=\"216457d\" data-element_type=\"widget\" data-widget_type=\"text-editor.default\">\n\t\t\t\t\t\t\t\t\t<p>\u00c9crivez-nous pour toute question sur les crit\u00e8res ou le processus.<\/p>\t\t\t\t\t\t\t\t<\/div>\n\t\t<div class=\"elementor-element elementor-element-e07a0b0 e-grid e-con-full e-con e-child\" data-id=\"e07a0b0\" data-element_type=\"container\">\n\t\t\t\t<div class=\"elementor-element elementor-element-c1d9a4c elementor-align-center elementor-widget elementor-widget-button\" data-id=\"c1d9a4c\" data-element_type=\"widget\" data-widget_type=\"button.default\">\n\t\t\t\t\t\t\t\t\t\t<a class=\"elementor-button elementor-button-link elementor-size-sm\" href=\"#\">\n\t\t\t\t\t\t<span class=\"elementor-button-content-wrapper\">\n\t\t\t\t\t\t\t\t\t<span class=\"elementor-button-text\">T\u00e9l. : +509 5505-0505  \u2022 3598\u20114747<\/span>\n\t\t\t\t\t<\/span>\n\t\t\t\t\t<\/a>\n\t\t\t\t\t\t\t\t<\/div>\n\t\t\t\t<div class=\"elementor-element elementor-element-3a09103 elementor-align-center elementor-widget elementor-widget-button\" data-id=\"3a09103\" data-element_type=\"widget\" data-widget_type=\"button.default\">\n\t\t\t\t\t\t\t\t\t\t<a class=\"elementor-button elementor-button-link elementor-size-sm\" href=\"#\">\n\t\t\t\t\t\t<span class=\"elementor-button-content-wrapper\">\n\t\t\t\t\t\t\t\t\t<span class=\"elementor-button-text\">Email : astreyamc@gmail.com<\/span>\n\t\t\t\t\t<\/span>\n\t\t\t\t\t<\/a>\n\t\t\t\t\t\t\t\t<\/div>\n\t\t\t\t<\/div>\n\t\t\t\t\t<\/div>\n\t\t\t\t<\/div>\n\t\t\t\t<\/div>\n\t\t","protected":false},"excerpt":{"rendered":"<p>30 places uniquement Je veux m&rsquo;inscrire ! Programme de Mentorat F\u00e9mininASTREYA Management Consulting et la Fondation AIC \u00ab\u00a0\u00c9lever, Inspirer, B\u00e2tir [&hellip;]<\/p>\n","protected":false},"author":1,"featured_media":0,"parent":0,"menu_order":0,"comment_status":"closed","ping_status":"closed","template":"elementor_header_footer","meta":{"site-sidebar-layout":"default","site-content-layout":"","ast-site-content-layout":"default","site-content-style":"default","site-sidebar-style":"default","ast-global-header-display":"","ast-banner-title-visibility":"","ast-main-header-display":"","ast-hfb-above-header-display":"","ast-hfb-below-header-display":"","ast-hfb-mobile-header-display":"","site-post-title":"","ast-breadcrumbs-content":"","ast-featured-img":"","footer-sml-layout":"","theme-transparent-header-meta":"","adv-header-id-meta":"","stick-header-meta":"","header-above-stick-meta":"","header-main-stick-meta":"","header-below-stick-meta":"","astra-migrate-meta-layouts":"default","ast-page-background-enabled":"default","ast-page-background-meta":{"desktop":{"background-color":"var(--ast-global-color-5)","background-image":"","background-repeat":"repeat","background-position":"center center","background-size":"auto","background-attachment":"scroll","background-type":"","background-media":"","overlay-type":"","overlay-color":"","overlay-opacity":"","overlay-gradient":""},"tablet":{"background-color":"","background-image":"","background-repeat":"repeat","background-position":"center center","background-size":"auto","background-attachment":"scroll","background-type":"","background-media":"","overlay-type":"","overlay-color":"","overlay-opacity":"","overlay-gradient":""},"mobile":{"background-color":"","background-image":"","background-repeat":"repeat","background-position":"center center","background-size":"auto","background-attachment":"scroll","background-type":"","background-media":"","overlay-type":"","overlay-color":"","overlay-opacity":"","overlay-gradient":""}},"ast-content-background-meta":{"desktop":{"background-color":"var(--ast-global-color-4)","background-image":"","background-repeat":"repeat","background-position":"center center","background-size":"auto","background-attachment":"scroll","background-type":"","background-media":"","overlay-type":"","overlay-color":"","overlay-opacity":"","overlay-gradient":""},"tablet":{"background-color":"var(--ast-global-color-4)","background-image":"","background-repeat":"repeat","background-position":"center center","background-size":"auto","background-attachment":"scroll","background-type":"","background-media":"","overlay-type":"","overlay-color":"","overlay-opacity":"","overlay-gradient":""},"mobile":{"background-color":"var(--ast-global-color-4)","background-image":"","background-repeat":"repeat","background-position":"center center","background-size":"auto","background-attachment":"scroll","background-type":"","background-media":"","overlay-type":"","overlay-color":"","overlay-opacity":"","overlay-gradient":""}},"footnotes":""},"class_list":["post-8","page","type-page","status-publish","hentry"],"_hostinger_reach_plugin_has_subscription_block":false,"_hostinger_reach_plugin_is_elementor":false,"_links":{"self":[{"href":"https:\/\/astreyamc.com\/index.php?rest_route=\/wp\/v2\/pages\/8","targetHints":{"allow":["GET"]}}],"collection":[{"href":"https:\/\/astreyamc.com\/index.php?rest_route=\/wp\/v2\/pages"}],"about":[{"href":"https:\/\/astreyamc.com\/index.php?rest_route=\/wp\/v2\/types\/page"}],"author":[{"embeddable":true,"href":"https:\/\/astreyamc.com\/index.php?rest_route=\/wp\/v2\/users\/1"}],"replies":[{"embeddable":true,"href":"https:\/\/astreyamc.com\/index.php?rest_route=%2Fwp%2Fv2%2Fcomments&post=8"}],"version-history":[{"count":183,"href":"https:\/\/astreyamc.com\/index.php?rest_route=\/wp\/v2\/pages\/8\/revisions"}],"predecessor-version":[{"id":305,"href":"https:\/\/astreyamc.com\/index.php?rest_route=\/wp\/v2\/pages\/8\/revisions\/305"}],"wp:attachment":[{"href":"https:\/\/astreyamc.com\/index.php?rest_route=%2Fwp%2Fv2%2Fmedia&parent=8"}],"curies":[{"name":"wp","href":"https:\/\/api.w.org\/{rel}","templated":true}]}}